{"id":527,"date":"2024-04-26T09:39:59","date_gmt":"2024-04-26T07:39:59","guid":{"rendered":"https:\/\/racines-cpg.com\/?page_id=527"},"modified":"2024-04-29T11:50:25","modified_gmt":"2024-04-29T09:50:25","slug":"releve-de-sepultures","status":"publish","type":"page","link":"https:\/\/racines-cpg.com\/index.php\/releve-de-sepultures\/","title":{"rendered":"Relev\u00e9 de s\u00e9pultures"},"content":{"rendered":"\t\t<div data-elementor-type=\"wp-page\" data-elementor-id=\"527\" class=\"elementor elementor-527\">\n\t\t\t\t<div class=\"elementor-element elementor-element-undefined-8b16c4b e-flex e-con-boxed e-con e-parent\" data-id=\"undefined-8b16c4b\" data-element_type=\"container\" data-e-type=\"container\">\n\t\t\t\t\t<div class=\"e-con-inner\">\n\t\t<div class=\"elementor-element elementor-element-undefined-4221f95 e-con-full e-flex e-con e-child\" data-id=\"undefined-4221f95\" data-element_type=\"container\" data-e-type=\"container\">\n\t\t\t\t<div class=\"elementor-element elementor-element-08be55a elementor-widget__width-inherit elementor-widget elementor-widget-heading\" data-id=\"08be55a\" data-element_type=\"widget\" data-e-type=\"widget\" data-widget_type=\"heading.default\">\n\t\t\t\t<div class=\"elementor-widget-container\">\n\t\t\t\t\t<h2 class=\"elementor-heading-title elementor-size-default\">Relev\u00e9 de s\u00e9pultures<\/h2>\t\t\t\t<\/div>\n\t\t\t\t<\/div>\n\t\t\t\t<div class=\"elementor-element elementor-element-undefined-2355963 elementor-invisible elementor-widget elementor-widget-image\" data-id=\"undefined-2355963\" data-element_type=\"widget\" data-e-type=\"widget\" data-settings=\"{&quot;_animation&quot;:&quot;fadeIn&quot;,&quot;_animation_delay&quot;:400}\" data-widget_type=\"image.default\">\n\t\t\t\t<div class=\"elementor-widget-container\">\n\t\t\t\t\t\t\t\t\t\t\t\t\t\t\t<img fetchpriority=\"high\" decoding=\"async\" width=\"1024\" height=\"768\" src=\"https:\/\/racines-cpg.com\/wp-content\/uploads\/2024\/04\/linda-gerbec-tombes-1024x768.jpg\" class=\"attachment-large size-large wp-image-514\" alt=\"\" srcset=\"https:\/\/racines-cpg.com\/wp-content\/uploads\/2024\/04\/linda-gerbec-tombes-1024x768.jpg 1024w, https:\/\/racines-cpg.com\/wp-content\/uploads\/2024\/04\/linda-gerbec-tombes-300x225.jpg 300w, https:\/\/racines-cpg.com\/wp-content\/uploads\/2024\/04\/linda-gerbec-tombes-768x576.jpg 768w, https:\/\/racines-cpg.com\/wp-content\/uploads\/2024\/04\/linda-gerbec-tombes-1536x1152.jpg 1536w, https:\/\/racines-cpg.com\/wp-content\/uploads\/2024\/04\/linda-gerbec-tombes-2048x1536.jpg 2048w, https:\/\/racines-cpg.com\/wp-content\/uploads\/2024\/04\/linda-gerbec-tombes-1320x990.jpg 1320w, https:\/\/racines-cpg.com\/wp-content\/uploads\/2024\/04\/linda-gerbec-tombes-454x341.jpg 454w\" sizes=\"(max-width: 1024px) 100vw, 1024px\" \/>\t\t\t\t\t\t\t\t\t\t\t\t\t\t\t<\/div>\n\t\t\t\t<\/div>\n\t\t\t\t<\/div>\n\t\t\t\t<div class=\"elementor-element elementor-element-47d185a elementor-widget__width-initial elementor-widget elementor-widget-text-editor\" data-id=\"47d185a\" data-element_type=\"widget\" data-e-type=\"widget\" data-widget_type=\"text-editor.default\">\n\t\t\t\t<div class=\"elementor-widget-container\">\n\t\t\t\t\t\t\t\t\t<p>Vous recherchez les s\u00e9pultures de vos anc\u00eatres?<\/p><p>Le Cabinet <strong>Racines<\/strong>\u00a0 vous propose ses services pour cette t\u00e2che d\u00e9licate et importante. Nous disposons des comp\u00e9tences et des outils n\u00e9cessaires pour r\u00e9aliser un relev\u00e9 complet et pr\u00e9cis des s\u00e9pultures de vos anc\u00eatres dans les cimeti\u00e8res de l&rsquo;H\u00e9rault.<br \/><br \/><strong>Cette prestation comprend :<\/strong><\/p><div class=\"response-container-content ng-tns-c363759670-18\"><div class=\"response-content ng-tns-c363759670-18 ng-animate-disabled\"><div class=\"markdown markdown-main-panel\" dir=\"ltr\"><ul data-sourcepos=\"9:1-15:0\"><li data-sourcepos=\"9:1-9:106\"><strong>La recherche et la localisation des s\u00e9pultures<\/strong> dans les cimeti\u00e8res publics et priv\u00e9s du d\u00e9partement.<\/li><li data-sourcepos=\"10:1-10:163\"><strong>La transcription compl\u00e8te des informations figurant sur les monuments fun\u00e9raires<\/strong> (nom, pr\u00e9nom, date de naissance et de d\u00e9c\u00e8s, profession, d\u00e9corations, plaques et objets fun\u00e9raires, etc.).<\/li><li data-sourcepos=\"11:1-11:68\"><strong>La prise de photos<\/strong> des s\u00e9pultures et des monuments fun\u00e9raires.<\/li><li data-sourcepos=\"12:1-12:67\"><strong>Le recensement des s\u00e9pultures abandonn\u00e9es<\/strong> ou en mauvais \u00e9tat.<\/li><li data-sourcepos=\"13:1-13:81\"><strong>La mise en forme des donn\u00e9es<\/strong> sous forme de tableaux ou de bases de donn\u00e9es.<\/li><\/ul><p data-sourcepos=\"16:1-16:81\">Nous nous engageons\u00a0 \u00e0 vous fournir un travail de qualit\u00e9, rigoureux et <strong>respectueux de la m\u00e9moire des d\u00e9funts.<\/strong><\/p><p data-sourcepos=\"16:1-16:81\">Nous\u00a0 pouvons \u00e9galement vous proposer d&rsquo;int\u00e9grer cette prestation \u00e0 la construction de votre arbre g\u00e9n\u00e9alogique.<\/p><p data-sourcepos=\"22:1-22:178\"><strong>Nous intervenons dans tous les cimeti\u00e8res du d\u00e9partement de l&rsquo;H\u00e9rault.<\/strong>(Possibilit\u00e9 de se d\u00e9placer dans d&rsquo;autres d\u00e9partements\u00a0 avec frais suppl\u00e9mentaires.<\/p><p data-sourcepos=\"26:1-26:12\"><strong>Tarifs :<\/strong><\/p><ul data-sourcepos=\"28:1-30:0\"><li data-sourcepos=\"28:1-28:39\"><strong>Tarif de base :<\/strong> 50\u20ac par cimeti\u00e8re.<\/li><li data-sourcepos=\"29:1-30:0\"><strong>Indemnit\u00e9 kilom\u00e9trique :<\/strong> 0,665\u20ac par kilom\u00e8tre<\/li><\/ul><p data-sourcepos=\"24:1-24:209\"><strong>Nous sommes \u00e0 votre disposition pour r\u00e9pondre \u00e0 toutes vos questions et pour vous \u00e9tablir un devis gratuit.<\/strong><\/p><\/div><\/div><\/div>\t\t\t\t\t\t\t\t<\/div>\n\t\t\t\t<\/div>\n\t\t\t\t\t<\/div>\n\t\t\t\t<\/div>\n\t\t<div class=\"elementor-element elementor-element-ec73608 e-con-full e-flex e-con e-parent\" data-id=\"ec73608\" data-element_type=\"container\" data-e-type=\"container\">\n\t\t\t\t<div class=\"elementor-element elementor-element-6354988 elementor-button-success elementor-align-center elementor-widget elementor-widget-button\" data-id=\"6354988\" data-element_type=\"widget\" data-e-type=\"widget\" data-widget_type=\"button.default\">\n\t\t\t\t<div class=\"elementor-widget-container\">\n\t\t\t\t\t\t\t\t\t<div class=\"elementor-button-wrapper\">\n\t\t\t\t\t<a class=\"elementor-button elementor-button-link elementor-size-sm\" href=\"\">\n\t\t\t\t\t\t<span class=\"elementor-button-content-wrapper\">\n\t\t\t\t\t\t<span class=\"elementor-button-icon\">\n\t\t\t\t<svg aria-hidden=\"true\" class=\"e-font-icon-svg e-far-comment-alt\" viewBox=\"0 0 512 512\" xmlns=\"http:\/\/www.w3.org\/2000\/svg\"><path d=\"M448 0H64C28.7 0 0 28.7 0 64v288c0 35.3 28.7 64 64 64h96v84c0 7.1 5.8 12 12 12 2.4 0 4.9-.7 7.1-2.4L304 416h144c35.3 0 64-28.7 64-64V64c0-35.3-28.7-64-64-64zm16 352c0 8.8-7.2 16-16 16H288l-12.8 9.6L208 428v-60H64c-8.8 0-16-7.2-16-16V64c0-8.8 7.2-16 16-16h384c8.8 0 16 7.2 16 16v288z\"><\/path><\/svg>\t\t\t<\/span>\n\t\t\t\t\t\t\t\t\t<span class=\"elementor-button-text\">Contactez-nous<\/span>\n\t\t\t\t\t<\/span>\n\t\t\t\t\t<\/a>\n\t\t\t\t<\/div>\n\t\t\t\t\t\t\t\t<\/div>\n\t\t\t\t<\/div>\n\t\t\t\t<\/div>\n\t\t\t\t<\/div>\n\t\t","protected":false},"excerpt":{"rendered":"<p>Relev\u00e9 de s\u00e9pultures Vous recherchez les s\u00e9pultures de vos anc\u00eatres? Le Cabinet Racines\u00a0 vous propose ses services pour cette t\u00e2che d\u00e9licate et importante. Nous disposons des comp\u00e9tences et des outils n\u00e9cessaires pour r\u00e9aliser un relev\u00e9 complet et pr\u00e9cis des s\u00e9pultures de vos anc\u00eatres dans les cimeti\u00e8res de l&rsquo;H\u00e9rault. Cette prestation comprend : La recherche et [&hellip;]<\/p>\n","protected":false},"author":1,"featured_media":0,"parent":0,"menu_order":0,"comment_status":"closed","ping_status":"closed","template":"","meta":{"om_disable_all_campaigns":false,"_monsterinsights_skip_tracking":false,"_monsterinsights_sitenote_active":false,"_monsterinsights_sitenote_note":"","_monsterinsights_sitenote_category":0,"_uf_show_specific_survey":0,"_uf_disable_surveys":false,"ocean_post_layout":"","ocean_both_sidebars_style":"","ocean_both_sidebars_content_width":0,"ocean_both_sidebars_sidebars_width":0,"ocean_sidebar":"","ocean_second_sidebar":"","ocean_disable_margins":"enable","ocean_add_body_class":"","ocean_shortcode_before_top_bar":"","ocean_shortcode_after_top_bar":"","ocean_shortcode_before_header":"","ocean_shortcode_after_header":"","ocean_has_shortcode":"","ocean_shortcode_after_title":"","ocean_shortcode_before_footer_widgets":"","ocean_shortcode_after_footer_widgets":"","ocean_shortcode_before_footer_bottom":"","ocean_shortcode_after_footer_bottom":"","ocean_display_top_bar":"default","ocean_display_header":"default","ocean_header_style":"","ocean_center_header_left_menu":"","ocean_custom_header_template":"","ocean_custom_logo":0,"ocean_custom_retina_logo":0,"ocean_custom_logo_max_width":0,"ocean_custom_logo_tablet_max_width":0,"ocean_custom_logo_mobile_max_width":0,"ocean_custom_logo_max_height":0,"ocean_custom_logo_tablet_max_height":0,"ocean_custom_logo_mobile_max_height":0,"ocean_header_custom_menu":"","ocean_menu_typo_font_family":"","ocean_menu_typo_font_subset":"","ocean_menu_typo_font_size":0,"ocean_menu_typo_font_size_tablet":0,"ocean_menu_typo_font_size_mobile":0,"ocean_menu_typo_font_size_unit":"px","ocean_menu_typo_font_weight":"","ocean_menu_typo_font_weight_tablet":"","ocean_menu_typo_font_weight_mobile":"","ocean_menu_typo_transform":"","ocean_menu_typo_transform_tablet":"","ocean_menu_typo_transform_mobile":"","ocean_menu_typo_line_height":0,"ocean_menu_typo_line_height_tablet":0,"ocean_menu_typo_line_height_mobile":0,"ocean_menu_typo_line_height_unit":"","ocean_menu_typo_spacing":0,"ocean_menu_typo_spacing_tablet":0,"ocean_menu_typo_spacing_mobile":0,"ocean_menu_typo_spacing_unit":"","ocean_menu_link_color":"","ocean_menu_link_color_hover":"","ocean_menu_link_color_active":"","ocean_menu_link_background":"","ocean_menu_link_hover_background":"","ocean_menu_link_active_background":"","ocean_menu_social_links_bg":"","ocean_menu_social_hover_links_bg":"","ocean_menu_social_links_color":"","ocean_menu_social_hover_links_color":"","ocean_disable_title":"default","ocean_disable_heading":"default","ocean_post_title":"","ocean_post_subheading":"","ocean_post_title_style":"","ocean_post_title_background_color":"","ocean_post_title_background":0,"ocean_post_title_bg_image_position":"","ocean_post_title_bg_image_attachment":"","ocean_post_title_bg_image_repeat":"","ocean_post_title_bg_image_size":"","ocean_post_title_height":0,"ocean_post_title_bg_overlay":0.5,"ocean_post_title_bg_overlay_color":"","ocean_disable_breadcrumbs":"default","ocean_breadcrumbs_color":"","ocean_breadcrumbs_separator_color":"","ocean_breadcrumbs_links_color":"","ocean_breadcrumbs_links_hover_color":"","ocean_display_footer_widgets":"default","ocean_display_footer_bottom":"default","ocean_custom_footer_template":"","omw_enable_modal_window":"enable","footnotes":""},"class_list":["post-527","page","type-page","status-publish","hentry","entry","owp-thumbs-layout-horizontal","owp-btn-normal","owp-tabs-layout-horizontal","has-no-thumbnails","has-product-nav"],"aioseo_notices":[],"jetpack_sharing_enabled":true,"_links":{"self":[{"href":"https:\/\/racines-cpg.com\/index.php\/wp-json\/wp\/v2\/pages\/527","targetHints":{"allow":["GET"]}}],"collection":[{"href":"https:\/\/racines-cpg.com\/index.php\/wp-json\/wp\/v2\/pages"}],"about":[{"href":"https:\/\/racines-cpg.com\/index.php\/wp-json\/wp\/v2\/types\/page"}],"author":[{"embeddable":true,"href":"https:\/\/racines-cpg.com\/index.php\/wp-json\/wp\/v2\/users\/1"}],"replies":[{"embeddable":true,"href":"https:\/\/racines-cpg.com\/index.php\/wp-json\/wp\/v2\/comments?post=527"}],"version-history":[{"count":7,"href":"https:\/\/racines-cpg.com\/index.php\/wp-json\/wp\/v2\/pages\/527\/revisions"}],"predecessor-version":[{"id":573,"href":"https:\/\/racines-cpg.com\/index.php\/wp-json\/wp\/v2\/pages\/527\/revisions\/573"}],"wp:attachment":[{"href":"https:\/\/racines-cpg.com\/index.php\/wp-json\/wp\/v2\/media?parent=527"}],"curies":[{"name":"wp","href":"https:\/\/api.w.org\/{rel}","templated":true}]}}