{"id":361,"date":"2024-01-29T18:04:45","date_gmt":"2024-01-29T17:04:45","guid":{"rendered":"https:\/\/racines-cpg.com\/?page_id=361"},"modified":"2024-05-13T12:13:26","modified_gmt":"2024-05-13T10:13:26","slug":"contactez-racines","status":"publish","type":"page","link":"https:\/\/racines-cpg.com\/index.php\/contactez-racines\/","title":{"rendered":"Contacts"},"content":{"rendered":"\t\t<div data-elementor-type=\"wp-page\" data-elementor-id=\"361\" class=\"elementor elementor-361\">\n\t\t\t\t<div class=\"elementor-element elementor-element-2139a7a e-flex e-con-boxed e-con e-parent\" data-id=\"2139a7a\" data-element_type=\"container\" data-e-type=\"container\">\n\t\t\t\t\t<div class=\"e-con-inner\">\n\t\t\t\t<div class=\"elementor-element elementor-element-6f6e3c7 elementor-widget elementor-widget-text-editor\" data-id=\"6f6e3c7\" data-element_type=\"widget\" data-e-type=\"widget\" data-widget_type=\"text-editor.default\">\n\t\t\t\t<div class=\"elementor-widget-container\">\n\t\t\t\t\t\t\t\t\t<p style=\"text-align: center;\">Vous pouvez choisir comment \u00eatre contact\u00e9 par le cabinet<span style=\"font-size: 12px;\">.&nbsp;<\/span><\/p><p style=\"text-align: center;\"><span style=\"font-size: 12px;\">Merci de ne remplir qu&rsquo;un seul formulaire.<\/span><\/p>\t\t\t\t\t\t\t\t<\/div>\n\t\t\t\t<\/div>\n\t\t\t\t\t<\/div>\n\t\t\t\t<\/div>\n\t\t<div class=\"elementor-element elementor-element-b65d505 e-grid e-con-boxed e-con e-parent\" data-id=\"b65d505\" data-element_type=\"container\" data-e-type=\"container\">\n\t\t\t\t\t<div class=\"e-con-inner\">\n\t\t<div class=\"elementor-element elementor-element-b6bf786 e-con-full e-flex e-con e-child\" data-id=\"b6bf786\" data-element_type=\"container\" data-e-type=\"container\">\n\t\t\t\t<div class=\"elementor-element elementor-element-ed9f0a4 elementor-widget elementor-widget-heading\" data-id=\"ed9f0a4\" data-element_type=\"widget\" data-e-type=\"widget\" data-widget_type=\"heading.default\">\n\t\t\t\t<div class=\"elementor-widget-container\">\n\t\t\t\t\t<h2 class=\"elementor-heading-title elementor-size-default\">Contact t\u00e9l\u00e9phonique<\/h2>\t\t\t\t<\/div>\n\t\t\t\t<\/div>\n\t\t\t\t<\/div>\n\t\t<div class=\"elementor-element elementor-element-6bc534c e-con-full e-flex e-con e-child\" data-id=\"6bc534c\" data-element_type=\"container\" data-e-type=\"container\">\n\t\t\t\t<div class=\"elementor-element elementor-element-3868f8b elementor-widget elementor-widget-heading\" data-id=\"3868f8b\" data-element_type=\"widget\" data-e-type=\"widget\" data-widget_type=\"heading.default\">\n\t\t\t\t<div class=\"elementor-widget-container\">\n\t\t\t\t\t<h2 class=\"elementor-heading-title elementor-size-default\">Contact email<\/h2>\t\t\t\t<\/div>\n\t\t\t\t<\/div>\n\t\t\t\t<\/div>\n\t\t\t\t<div class=\"elementor-element elementor-element-322ce54 elementor-widget elementor-widget-text-editor\" data-id=\"322ce54\" data-element_type=\"widget\" data-e-type=\"widget\" data-widget_type=\"text-editor.default\">\n\t\t\t\t<div class=\"elementor-widget-container\">\n\t\t\t\t\t\t\t\t\t<p>Utilisez ce formulaire ci-dessous si vous pr\u00e9f\u00e9rez communiquer par \u00e9crit avec le Cabinet.<br \/>Vous pouvez aussi utiliser cet espace pour poser vos questions. <br \/>Nous vous r\u00e9pondrons dans un d\u00e9lai de 48 heures (sauf week-end et jours f\u00e9ri\u00e9s)<\/p>\t\t\t\t\t\t\t\t<\/div>\n\t\t\t\t<\/div>\n\t\t\t\t<div class=\"elementor-element elementor-element-e685705 elementor-widget elementor-widget-text-editor\" data-id=\"e685705\" data-element_type=\"widget\" data-e-type=\"widget\" data-widget_type=\"text-editor.default\">\n\t\t\t\t<div class=\"elementor-widget-container\">\n\t\t\t\t\t\t\t\t\t<p>Merci de remplir le formulaire ci-dessous en pr\u00e9cisant les dates et heures auxquelles vous souhaiter \u00eatre contact\u00e9. Un email de confirmation vous sera envoyer pour valider ce cr\u00e9neau.<\/p>\t\t\t\t\t\t\t\t<\/div>\n\t\t\t\t<\/div>\n\t\t\t\t\t<\/div>\n\t\t\t\t<\/div>\n\t\t<div class=\"elementor-element elementor-element-c935195 e-con-full e-flex e-con e-parent\" data-id=\"c935195\" data-element_type=\"container\" data-e-type=\"container\" data-settings=\"{&quot;background_background&quot;:&quot;classic&quot;}\">\n\t\t<div class=\"elementor-element elementor-element-fd26469 e-con-full e-flex e-con e-child\" data-id=\"fd26469\" data-element_type=\"container\" data-e-type=\"container\">\n\t\t\t\t<div class=\"elementor-element elementor-element-8edbb8b elementor-widget-mobile__width-auto elementor-widget__width-initial elementor-widget elementor-widget-wpforms\" data-id=\"8edbb8b\" data-element_type=\"widget\" data-e-type=\"widget\" data-widget_type=\"wpforms.default\">\n\t\t\t\t<div class=\"elementor-widget-container\">\n\t\t\t\t\t<style id=\"wpforms-css-vars-elementor-widget-8edbb8b\">\n\t\t\t\t.elementor-widget-wpforms.elementor-element-8edbb8b {\n\t\t\t\t--wpforms-button-text-color: #F7F0F0;\n--wpforms-field-border-radius: 16px;\n--wpforms-field-border-color: #00000073;\n--wpforms-field-border-color-spare: #00000073;\n--wpforms-button-background-color: #000000;\n--wpforms-button-size-font-size: 14px;\n--wpforms-button-size-height: 37px;\n--wpforms-button-size-padding-h: 15px;\n--wpforms-button-size-margin-top: 5px;\n\t\t\t}\n\t\t\t<\/style><div class=\"wpforms-container wpforms-container-full wpforms-render-modern\" id=\"wpforms-450\"><form id=\"wpforms-form-450\" class=\"wpforms-validate wpforms-form wpforms-ajax-form\" data-formid=\"450\" method=\"post\" enctype=\"multipart\/form-data\" action=\"\/index.php\/wp-json\/wp\/v2\/pages\/361\" data-token=\"17877c6f8662038d4dc296fd56ba4fae\" data-token-time=\"1777667705\"><noscript class=\"wpforms-error-noscript\">Veuillez activer JavaScript dans votre navigateur pour remplir ce formulaire.<\/noscript><div id=\"wpforms-error-noscript\" style=\"display: none;\">Veuillez activer JavaScript dans votre navigateur pour remplir ce formulaire.<\/div><div class=\"wpforms-field-container\"><div id=\"wpforms-450-field_1-container\" class=\"wpforms-field wpforms-field-name\" data-field-id=\"1\"><fieldset><legend class=\"wpforms-field-label\">Identit\u00e9 <span class=\"wpforms-required-label\" aria-hidden=\"true\">*<\/span><\/legend><div class=\"wpforms-field-row wpforms-field-medium\"><div class=\"wpforms-field-row-block wpforms-first wpforms-one-half\"><input type=\"text\" id=\"wpforms-450-field_1\" class=\"wpforms-field-name-first wpforms-field-required\" name=\"wpforms[fields][1][first]\" aria-errormessage=\"wpforms-450-field_1-error\" required><label for=\"wpforms-450-field_1\" class=\"wpforms-field-sublabel after\">Pr\u00e9nom<\/label><\/div><div class=\"wpforms-field-row-block wpforms-one-half\"><input type=\"text\" id=\"wpforms-450-field_1-last\" class=\"wpforms-field-name-last wpforms-field-required\" name=\"wpforms[fields][1][last]\" aria-errormessage=\"wpforms-450-field_1-last-error\" required><label for=\"wpforms-450-field_1-last\" class=\"wpforms-field-sublabel after\">Nom<\/label><\/div><\/div><\/fieldset><\/div><div id=\"wpforms-450-field_8-container\" class=\"wpforms-field wpforms-field-number\" data-field-id=\"8\"><label class=\"wpforms-field-label\" for=\"wpforms-450-field_8\">Num\u00e9ro de t\u00e9lephone <span class=\"wpforms-required-label\" aria-hidden=\"true\">*<\/span><\/label><input type=\"number\" id=\"wpforms-450-field_8\" class=\"wpforms-field-medium wpforms-field-required\" name=\"wpforms[fields][8]\" step=\"any\" aria-errormessage=\"wpforms-450-field_8-error\" aria-describedby=\"wpforms-450-field_8-description\" required><div id=\"wpforms-450-field_8-description\" class=\"wpforms-field-description\">Num\u00e9ro de t\u00e9l\u00e9phone sur lequel vous joindre pour un rendez-vous t\u00e9l\u00e9phonique.<\/div><\/div><div id=\"wpforms-450-field_2-container\" class=\"wpforms-field wpforms-field-email\" data-field-id=\"2\"><label class=\"wpforms-field-label\" for=\"wpforms-450-field_2\">Email <span class=\"wpforms-required-label\" aria-hidden=\"true\">*<\/span><\/label><input type=\"email\" id=\"wpforms-450-field_2\" class=\"wpforms-field-medium wpforms-field-required\" name=\"wpforms[fields][2]\" spellcheck=\"false\" aria-errormessage=\"wpforms-450-field_2-error\" required><\/div><div id=\"wpforms-450-field_3-container\" class=\"wpforms-field wpforms-field-radio\" data-field-id=\"3\"><fieldset><legend class=\"wpforms-field-label\">Quel jour souhaitez-vous \u00eatre rappel\u00e9 ? <span class=\"wpforms-required-label\" aria-hidden=\"true\">*<\/span><\/legend><ul id=\"wpforms-450-field_3\" class=\"wpforms-field-required\"><li class=\"choice-1 depth-1\"><input type=\"radio\" id=\"wpforms-450-field_3_1\" name=\"wpforms[fields][3]\" value=\"Lundi\" aria-errormessage=\"wpforms-450-field_3_1-error\" aria-describedby=\"wpforms-450-field_3-description\" required ><label class=\"wpforms-field-label-inline\" for=\"wpforms-450-field_3_1\">Lundi<\/label><\/li><li class=\"choice-2 depth-1\"><input type=\"radio\" id=\"wpforms-450-field_3_2\" name=\"wpforms[fields][3]\" value=\"Mardi\" aria-errormessage=\"wpforms-450-field_3_2-error\" aria-describedby=\"wpforms-450-field_3-description\" required ><label class=\"wpforms-field-label-inline\" for=\"wpforms-450-field_3_2\">Mardi<\/label><\/li><li class=\"choice-3 depth-1\"><input type=\"radio\" id=\"wpforms-450-field_3_3\" name=\"wpforms[fields][3]\" value=\"Jeudi\" aria-errormessage=\"wpforms-450-field_3_3-error\" aria-describedby=\"wpforms-450-field_3-description\" required ><label class=\"wpforms-field-label-inline\" for=\"wpforms-450-field_3_3\">Jeudi<\/label><\/li><li class=\"choice-4 depth-1\"><input type=\"radio\" id=\"wpforms-450-field_3_4\" name=\"wpforms[fields][3]\" value=\"Vendredi\" aria-errormessage=\"wpforms-450-field_3_4-error\" aria-describedby=\"wpforms-450-field_3-description\" required ><label class=\"wpforms-field-label-inline\" for=\"wpforms-450-field_3_4\">Vendredi<\/label><\/li><\/ul><div id=\"wpforms-450-field_3-description\" class=\"wpforms-field-description\">Si aucun de ces jours ou de ces horaires ne vous conviennent, merci de  laisser un message dans la partie commentaires, nous essaierons de trouver un cr\u00e9neau qui vous convient.<\/div><\/fieldset><\/div><div id=\"wpforms-450-field_4-container\" class=\"wpforms-field wpforms-field-checkbox wpforms-list-2-columns\" data-field-id=\"4\"><fieldset><legend class=\"wpforms-field-label\">A quelle heure souhaitez-vous \u00eatre rappel\u00e9 ? <span class=\"wpforms-required-label\" aria-hidden=\"true\">*<\/span><\/legend><ul id=\"wpforms-450-field_4\" class=\"wpforms-field-required\"><li class=\"choice-1 depth-1\"><input type=\"checkbox\" id=\"wpforms-450-field_4_1\" name=\"wpforms[fields][4][]\" value=\"9-10h\" aria-errormessage=\"wpforms-450-field_4_1-error\" required ><label class=\"wpforms-field-label-inline\" for=\"wpforms-450-field_4_1\">9-10h<\/label><\/li><li class=\"choice-2 depth-1\"><input type=\"checkbox\" id=\"wpforms-450-field_4_2\" name=\"wpforms[fields][4][]\" value=\"10-11h\" aria-errormessage=\"wpforms-450-field_4_2-error\" required ><label class=\"wpforms-field-label-inline\" for=\"wpforms-450-field_4_2\">10-11h<\/label><\/li><li class=\"choice-3 depth-1\"><input type=\"checkbox\" id=\"wpforms-450-field_4_3\" name=\"wpforms[fields][4][]\" value=\"11-12h\" aria-errormessage=\"wpforms-450-field_4_3-error\" required ><label class=\"wpforms-field-label-inline\" for=\"wpforms-450-field_4_3\">11-12h<\/label><\/li><li class=\"choice-4 depth-1\"><input type=\"checkbox\" id=\"wpforms-450-field_4_4\" name=\"wpforms[fields][4][]\" value=\"13-14h\" aria-errormessage=\"wpforms-450-field_4_4-error\" required ><label class=\"wpforms-field-label-inline\" for=\"wpforms-450-field_4_4\">13-14h<\/label><\/li><li class=\"choice-5 depth-1\"><input type=\"checkbox\" id=\"wpforms-450-field_4_5\" name=\"wpforms[fields][4][]\" value=\"14-15h\" aria-errormessage=\"wpforms-450-field_4_5-error\" required ><label class=\"wpforms-field-label-inline\" for=\"wpforms-450-field_4_5\">14-15h<\/label><\/li><li class=\"choice-6 depth-1\"><input type=\"checkbox\" id=\"wpforms-450-field_4_6\" name=\"wpforms[fields][4][]\" value=\"15-16h\" aria-errormessage=\"wpforms-450-field_4_6-error\" required ><label class=\"wpforms-field-label-inline\" for=\"wpforms-450-field_4_6\">15-16h<\/label><\/li><\/ul><\/fieldset><\/div><div id=\"wpforms-450-field_7-container\" class=\"wpforms-field wpforms-field-textarea\" data-field-id=\"7\"><label class=\"wpforms-field-label\" for=\"wpforms-450-field_7\">Commentaires ou Question(s)<\/label><textarea id=\"wpforms-450-field_7\" class=\"wpforms-field-medium\" name=\"wpforms[fields][7]\" aria-errormessage=\"wpforms-450-field_7-error\" ><\/textarea><\/div><\/div><!-- .wpforms-field-container --><div class=\"wpforms-submit-container\" ><input type=\"hidden\" name=\"wpforms[id]\" value=\"450\"><input type=\"hidden\" name=\"page_title\" value=\"\"><input type=\"hidden\" name=\"page_url\" value=\"https:\/\/racines-cpg.com\/index.php\/wp-json\/wp\/v2\/pages\/361\"><input type=\"hidden\" name=\"url_referer\" value=\"\"><button type=\"submit\" name=\"wpforms[submit]\" id=\"wpforms-submit-450\" class=\"wpforms-submit\" data-alt-text=\"En cours d&#039;envoi...\" data-submit-text=\"Contactez-moi\" aria-live=\"assertive\" value=\"wpforms-submit\">Contactez-moi<\/button><img decoding=\"async\" src=\"https:\/\/racines-cpg.com\/wp-content\/plugins\/wpforms-lite\/assets\/images\/submit-spin.svg\" class=\"wpforms-submit-spinner\" style=\"display: none;\" width=\"26\" height=\"26\" alt=\"Chargement en cours\"><\/div><\/form><\/div>  <!-- .wpforms-container -->\t\t\t\t<\/div>\n\t\t\t\t<\/div>\n\t\t\t\t<\/div>\n\t\t<div class=\"elementor-element elementor-element-799db16 e-con-full e-flex e-con e-child\" data-id=\"799db16\" data-element_type=\"container\" data-e-type=\"container\">\n\t\t\t\t<div class=\"elementor-element elementor-element-aa5235c elementor-widget elementor-widget-wpforms\" data-id=\"aa5235c\" data-element_type=\"widget\" data-e-type=\"widget\" data-widget_type=\"wpforms.default\">\n\t\t\t\t<div class=\"elementor-widget-container\">\n\t\t\t\t\t<style id=\"wpforms-css-vars-elementor-widget-aa5235c\">\n\t\t\t\t.elementor-widget-wpforms.elementor-element-aa5235c {\n\t\t\t\t--wpforms-field-background-color: #F6F8EB;\n--wpforms-field-border-color: #000000;\n--wpforms-field-border-color-spare: #000000;\n--wpforms-button-size-font-size: 14px;\n--wpforms-button-size-height: 37px;\n--wpforms-button-size-padding-h: 15px;\n--wpforms-button-size-margin-top: 5px;\n\t\t\t}\n\t\t\t<\/style><div class=\"wpforms-container wpforms-container-full wpforms-render-modern\" id=\"wpforms-311\"><form id=\"wpforms-form-311\" class=\"wpforms-validate wpforms-form\" data-formid=\"311\" method=\"post\" enctype=\"multipart\/form-data\" action=\"\/index.php\/wp-json\/wp\/v2\/pages\/361\" data-token=\"e76b87ebc29c7b9417e4e05c7260dc01\" data-token-time=\"1777667705\"><noscript class=\"wpforms-error-noscript\">Veuillez activer JavaScript dans votre navigateur pour remplir ce formulaire.<\/noscript><div id=\"wpforms-error-noscript\" style=\"display: none;\">Veuillez activer JavaScript dans votre navigateur pour remplir ce formulaire.<\/div><div class=\"wpforms-field-container\"><div id=\"wpforms-311-field_0-container\" class=\"wpforms-field wpforms-field-name\" data-field-id=\"0\"><fieldset><legend class=\"wpforms-field-label\">Identit\u00e9 <span class=\"wpforms-required-label\" aria-hidden=\"true\">*<\/span><\/legend><div class=\"wpforms-field-row wpforms-field-large\"><div class=\"wpforms-field-row-block wpforms-first wpforms-one-half\"><input type=\"text\" id=\"wpforms-311-field_0\" class=\"wpforms-field-name-first wpforms-field-required\" name=\"wpforms[fields][0][first]\" aria-errormessage=\"wpforms-311-field_0-error\" required><label for=\"wpforms-311-field_0\" class=\"wpforms-field-sublabel after\">Pr\u00e9nom<\/label><\/div><div class=\"wpforms-field-row-block wpforms-one-half\"><input type=\"text\" id=\"wpforms-311-field_0-last\" class=\"wpforms-field-name-last wpforms-field-required\" name=\"wpforms[fields][0][last]\" aria-errormessage=\"wpforms-311-field_0-last-error\" required><label for=\"wpforms-311-field_0-last\" class=\"wpforms-field-sublabel after\">Nom<\/label><\/div><\/div><\/fieldset><\/div><div id=\"wpforms-311-field_1-container\" class=\"wpforms-field wpforms-field-email\" data-field-id=\"1\"><label class=\"wpforms-field-label\" for=\"wpforms-311-field_1\">Email <span class=\"wpforms-required-label\" aria-hidden=\"true\">*<\/span><\/label><input type=\"email\" id=\"wpforms-311-field_1\" class=\"wpforms-field-large wpforms-field-required\" name=\"wpforms[fields][1]\" spellcheck=\"false\" aria-errormessage=\"wpforms-311-field_1-error\" required><\/div><div id=\"wpforms-311-field_2-container\" class=\"wpforms-field wpforms-field-textarea\" data-field-id=\"2\"><label class=\"wpforms-field-label\" for=\"wpforms-311-field_2\">Message ou Question(s) <span class=\"wpforms-required-label\" aria-hidden=\"true\">*<\/span><\/label><textarea id=\"wpforms-311-field_2\" class=\"wpforms-field-medium wpforms-field-required\" name=\"wpforms[fields][2]\" aria-errormessage=\"wpforms-311-field_2-error\" aria-describedby=\"wpforms-311-field_2-description\" required><\/textarea><div id=\"wpforms-311-field_2-description\" class=\"wpforms-field-description\">Vous pouvez \u00e9galement nous faire part de noms et de dates d\u00e9j\u00e0 en votre possession dans  ce formulaire.<\/div><\/div><\/div><!-- .wpforms-field-container --><div class=\"wpforms-field wpforms-field-hp\"><label for=\"wpforms-311-field-hp\" class=\"wpforms-field-label\">Phone<\/label><input type=\"text\" name=\"wpforms[hp]\" id=\"wpforms-311-field-hp\" class=\"wpforms-field-medium\"><\/div><div class=\"wpforms-submit-container\" ><input type=\"hidden\" name=\"wpforms[id]\" value=\"311\"><input type=\"hidden\" name=\"page_title\" value=\"\"><input type=\"hidden\" name=\"page_url\" value=\"https:\/\/racines-cpg.com\/index.php\/wp-json\/wp\/v2\/pages\/361\"><input type=\"hidden\" name=\"url_referer\" value=\"\"><button type=\"submit\" name=\"wpforms[submit]\" id=\"wpforms-submit-311\" class=\"wpforms-submit\" data-alt-text=\"Envoi du message\" data-submit-text=\"Contactez-moi\" aria-live=\"assertive\" value=\"wpforms-submit\">Contactez-moi<\/button><\/div><\/form><\/div>  <!-- .wpforms-container -->\t\t\t\t<\/div>\n\t\t\t\t<\/div>\n\t\t\t\t<\/div>\n\t\t\t\t<\/div>\n\t\t<div class=\"elementor-element elementor-element-f41b2f3 e-flex e-con-boxed e-con e-parent\" data-id=\"f41b2f3\" data-element_type=\"container\" data-e-type=\"container\">\n\t\t\t\t\t<div class=\"e-con-inner\">\n\t\t\t\t\t<\/div>\n\t\t\t\t<\/div>\n\t\t\t\t<\/div>\n\t\t","protected":false},"excerpt":{"rendered":"<p>Vous pouvez choisir comment \u00eatre contact\u00e9 par le cabinet.&nbsp; Merci de ne remplir qu&rsquo;un seul formulaire. Contact t\u00e9l\u00e9phonique Contact email Utilisez ce formulaire ci-dessous si vous pr\u00e9f\u00e9rez communiquer par \u00e9crit avec le Cabinet.Vous pouvez aussi utiliser cet espace pour poser vos questions. Nous vous r\u00e9pondrons dans un d\u00e9lai de 48 heures (sauf week-end et jours [&hellip;]<\/p>\n","protected":false},"author":1,"featured_media":0,"parent":0,"menu_order":0,"comment_status":"closed","ping_status":"closed","template":"","meta":{"om_disable_all_campaigns":false,"_monsterinsights_skip_tracking":false,"_monsterinsights_sitenote_active":false,"_monsterinsights_sitenote_note":"","_monsterinsights_sitenote_category":0,"_uf_show_specific_survey":0,"_uf_disable_surveys":false,"ocean_post_layout":"","ocean_both_sidebars_style":"","ocean_both_sidebars_content_width":0,"ocean_both_sidebars_sidebars_width":0,"ocean_sidebar":"","ocean_second_sidebar":"","ocean_disable_margins":"enable","ocean_add_body_class":"","ocean_shortcode_before_top_bar":"","ocean_shortcode_after_top_bar":"","ocean_shortcode_before_header":"","ocean_shortcode_after_header":"","ocean_has_shortcode":"","ocean_shortcode_after_title":"","ocean_shortcode_before_footer_widgets":"","ocean_shortcode_after_footer_widgets":"","ocean_shortcode_before_footer_bottom":"","ocean_shortcode_after_footer_bottom":"","ocean_display_top_bar":"default","ocean_display_header":"default","ocean_header_style":"","ocean_center_header_left_menu":"","ocean_custom_header_template":"","ocean_custom_logo":0,"ocean_custom_retina_logo":0,"ocean_custom_logo_max_width":0,"ocean_custom_logo_tablet_max_width":0,"ocean_custom_logo_mobile_max_width":0,"ocean_custom_logo_max_height":0,"ocean_custom_logo_tablet_max_height":0,"ocean_custom_logo_mobile_max_height":0,"ocean_header_custom_menu":"","ocean_menu_typo_font_family":"","ocean_menu_typo_font_subset":"","ocean_menu_typo_font_size":0,"ocean_menu_typo_font_size_tablet":0,"ocean_menu_typo_font_size_mobile":0,"ocean_menu_typo_font_size_unit":"px","ocean_menu_typo_font_weight":"","ocean_menu_typo_font_weight_tablet":"","ocean_menu_typo_font_weight_mobile":"","ocean_menu_typo_transform":"","ocean_menu_typo_transform_tablet":"","ocean_menu_typo_transform_mobile":"","ocean_menu_typo_line_height":0,"ocean_menu_typo_line_height_tablet":0,"ocean_menu_typo_line_height_mobile":0,"ocean_menu_typo_line_height_unit":"","ocean_menu_typo_spacing":0,"ocean_menu_typo_spacing_tablet":0,"ocean_menu_typo_spacing_mobile":0,"ocean_menu_typo_spacing_unit":"","ocean_menu_link_color":"","ocean_menu_link_color_hover":"","ocean_menu_link_color_active":"","ocean_menu_link_background":"","ocean_menu_link_hover_background":"","ocean_menu_link_active_background":"","ocean_menu_social_links_bg":"","ocean_menu_social_hover_links_bg":"","ocean_menu_social_links_color":"","ocean_menu_social_hover_links_color":"","ocean_disable_title":"default","ocean_disable_heading":"default","ocean_post_title":"","ocean_post_subheading":"","ocean_post_title_style":"","ocean_post_title_background_color":"","ocean_post_title_background":0,"ocean_post_title_bg_image_position":"","ocean_post_title_bg_image_attachment":"","ocean_post_title_bg_image_repeat":"","ocean_post_title_bg_image_size":"","ocean_post_title_height":0,"ocean_post_title_bg_overlay":0.5,"ocean_post_title_bg_overlay_color":"","ocean_disable_breadcrumbs":"default","ocean_breadcrumbs_color":"","ocean_breadcrumbs_separator_color":"","ocean_breadcrumbs_links_color":"","ocean_breadcrumbs_links_hover_color":"","ocean_display_footer_widgets":"default","ocean_display_footer_bottom":"default","ocean_custom_footer_template":"","omw_enable_modal_window":"enable","footnotes":""},"class_list":["post-361","page","type-page","status-publish","hentry","entry","owp-thumbs-layout-horizontal","owp-btn-normal","owp-tabs-layout-horizontal","has-no-thumbnails","has-product-nav"],"aioseo_notices":[],"jetpack_sharing_enabled":true,"_links":{"self":[{"href":"https:\/\/racines-cpg.com\/index.php\/wp-json\/wp\/v2\/pages\/361","targetHints":{"allow":["GET"]}}],"collection":[{"href":"https:\/\/racines-cpg.com\/index.php\/wp-json\/wp\/v2\/pages"}],"about":[{"href":"https:\/\/racines-cpg.com\/index.php\/wp-json\/wp\/v2\/types\/page"}],"author":[{"embeddable":true,"href":"https:\/\/racines-cpg.com\/index.php\/wp-json\/wp\/v2\/users\/1"}],"replies":[{"embeddable":true,"href":"https:\/\/racines-cpg.com\/index.php\/wp-json\/wp\/v2\/comments?post=361"}],"version-history":[{"count":47,"href":"https:\/\/racines-cpg.com\/index.php\/wp-json\/wp\/v2\/pages\/361\/revisions"}],"predecessor-version":[{"id":655,"href":"https:\/\/racines-cpg.com\/index.php\/wp-json\/wp\/v2\/pages\/361\/revisions\/655"}],"wp:attachment":[{"href":"https:\/\/racines-cpg.com\/index.php\/wp-json\/wp\/v2\/media?parent=361"}],"curies":[{"name":"wp","href":"https:\/\/api.w.org\/{rel}","templated":true}]}}